{"id":3162,"date":"2020-04-19T07:33:14","date_gmt":"2020-04-19T07:33:14","guid":{"rendered":"https:\/\/www.apliman.es\/politica-de-cookies\/"},"modified":"2020-11-05T20:10:58","modified_gmt":"2020-11-05T20:10:58","slug":"politica-de-cookies","status":"publish","type":"page","link":"https:\/\/latiendadeapliman.es\/apliman\/politica-de-cookies\/","title":{"rendered":"Pol\u00edtica de cookies"},"content":{"rendered":"<div class=\"bt_rc_container\"><h2 id=\"gmx_nivel_titulo\" style=\"padding-left: 40px;\"><span class=\"art-titcontenido\">Pol\u00edtica de cookies<\/span><\/h2>\n<div id=\"gmx_texto_inicial_nivel\">\n<div id=\"gmx_texto_superior\">\n<p style=\"padding-left: 40px;\">Nuestro sitio web\u00a0<strong>apliman.es<\/strong>\u00a0(el \u201cSitio Web\u201d) utiliza una tecnolog\u00eda denominada \u201ccookies\u201d con la finalidad de poder recabar informaci\u00f3n acerca del uso del Sitio Web.<\/p>\n<p style=\"padding-left: 40px;\">Le informamos de que podemos utilizar cookies con la finalidad de facilitar su navegaci\u00f3n a trav\u00e9s del Sitio Web, distinguirle de otros usuarios, proporcionarle una mejor experiencia en el uso del mismo, e identificar problemas para mejorar nuestro Sitio Web. Asimismo, en caso de que preste su consentimiento, utilizaremos cookies que nos permitan obtener m\u00e1s informaci\u00f3n acerca de sus preferencias y personalizar nuestro Sitio Web de conformidad con sus intereses individuales.<\/p>\n<p style=\"padding-left: 40px;\">La presente pol\u00edtica de cookies tiene por finalidad informarle de manera clara y precisa sobre las cookies que se utilizan en nuestro Sitio Web (la \u201cPol\u00edtica de Cookies\u201d). En caso de que quiera recabar m\u00e1s informaci\u00f3n sobre las cookies que utilizamos en el Sitio Web, podr\u00e1 remitir un correo electr\u00f3nico a la direcci\u00f3n de correo que se muestra al pie de la p\u00e1gina, o mediante nuestro\u00a0<a href=\"https:\/\/latiendadeapliman.es\/apliman\/pages\/contact\/\">formulario de contacto<\/a>.<\/p>\n<p style=\"padding-left: 40px;\"><strong>Cookies<\/strong><\/p>\n<p style=\"padding-left: 40px;\">Una cookie es un archivo que se descarga en su equipo (ordenador o dispositivo m\u00f3vil) con la finalidad de almacenar datos que podr\u00e1n ser actualizados y recuperados por la entidad responsable de su instalaci\u00f3n.<\/p>\n<p style=\"padding-left: 40px;\">La informaci\u00f3n recabada a trav\u00e9s de las cookies puede incluir la fecha y hora de visitas al Sitio Web, las p\u00e1ginas visionadas, el tiempo que ha estado en nuestro Sitio Web y los sitios visitados justo antes y despu\u00e9s del mismo.<\/p>\n<p style=\"padding-left: 40px;\">Tipo de cookies que se usan en el Sitio Web.<\/p>\n<p style=\"padding-left: 40px;\">Nuestro Sitio Web utiliza las cookies que se describen a continuaci\u00f3n:<\/p>\n<p style=\"padding-left: 40px;\"><strong>Cookies propias<\/strong><\/p>\n<p style=\"padding-left: 40px;\">Son aquellas cookies que son enviadas a su ordenador y gestionadas exclusivamente por nosotros para el mejor funcionamiento del Sitio Web. La informaci\u00f3n que recabamos se emplea para mejorar la calidad de nuestro servicio y su experiencia como usuario. Estas cookies permanecen en su navegador m\u00e1s tiempo, permiti\u00e9ndonos reconocerle como visitante recurrente del Sitio Web y adaptar el contenido para ofrecerle contenidos que se ajusten a sus preferencias.<\/p>\n<p style=\"padding-left: 40px;\"><strong>Cookies anal\u00edticas de terceros<\/strong><\/p>\n<p style=\"padding-left: 40px;\">En nuestro Sitio Web tambi\u00e9n utilizamos el sistema de medici\u00f3n de audiencia Google Analytics, una herramienta de an\u00e1lisis web de Google que nos permite conocer c\u00f3mo interact\u00faan los usuarios de nuestro Sitio Web. Asimismo, habilita cookies en el dominio del sitio en el que se encuentra el usuario y utiliza un conjunto de cookies denominadas \u00ab__utma\u00bb y \u00ab__utmz\u00bb para recopilar informaci\u00f3n de forma an\u00f3nima y elaborar informes de tendencias del Sitio Web sin identificar a usuarios individuales. M\u00e1s informaci\u00f3n sobre las cookies de Google Analytics e informaci\u00f3n sobre la privacidad.<\/p>\n<p style=\"padding-left: 40px;\">Junto con nuestros archivos de registro del servidor, nos permiten conocer el n\u00famero total de usuarios que visitan nuestro Sitio Web y aquellas partes del mismo que gozan de mayor popularidad. Gracias a ellas obtenemos una informaci\u00f3n que puede ayudarnos a mejorar la navegaci\u00f3n y dar un mejor servicio a usuarios y clientes.<\/p>\n<p style=\"padding-left: 40px;\">Si interact\u00faa con el contenido de nuestro Sitio Web tambi\u00e9n pueden establecerse cookies de terceros (por ejemplo, al pulsar botones de redes sociales o visionar v\u00eddeos alojados en otro sitio web). Las cookies de terceros, son aquellas establecidas por un dominio diferente de nuestro Sitio Web. No podemos acceder a los datos almacenados en las cookies de otros sitios web cuando navegue en los citados sitios web.<\/p>\n<p style=\"padding-left: 40px;\">Incluimos a continuaci\u00f3n el enlace al sitio web de Google donde puede consultar la descripci\u00f3n del tipo de cookies que utiliza Google Analitycs y su periodo de expiraci\u00f3n:\u00a0<a href=\"https:\/\/developers.google.com\/analytics\/devguides\/collection\/analyticsjs\/cookie-usage?hl=es\">https:\/\/developers.google.com\/analytics\/devguides\/collection\/analyticsjs\/cookie-usage?hl=es<\/a><\/p>\n<p style=\"padding-left: 40px;\"><strong>Consentimiento<\/strong><\/p>\n<p style=\"padding-left: 40px;\">Al navegar y continuar en nuestro Sitio Web estar\u00e1 consintiendo el uso de las cookies antes enunciadas, por los plazos se\u00f1alados y en las condiciones contenidas en la presente Pol\u00edtica de Cookies.<\/p>\n<p style=\"padding-left: 40px;\"><strong>Deshabilitar y bloquear cookies<\/strong><\/p>\n<p style=\"padding-left: 40px;\">En cualquier caso, le informamos de que dado que las cookies no son necesarias para el uso de nuestro Sitio Web, puede bloquearlas o deshabilitarlas activando la configuraci\u00f3n de su navegador que le permite rechazar la instalaci\u00f3n de todas las cookies o de algunas de ellas. La pr\u00e1ctica mayor\u00eda de los navegadores permiten advertir de la presencia de cookies o rechazarlas autom\u00e1ticamente. Si las rechaza podr\u00e1 seguir usando nuestro Sitio Web, aunque el uso de algunos de sus servicios podr\u00e1 ser limitado y por tanto su experiencia en nuestro Sitio Web menos satisfactoria.<\/p>\n<p style=\"padding-left: 40px;\"><strong>Retirar mi consentimiento<\/strong><\/p>\n<p style=\"padding-left: 40px;\">Si quisiese retirar en cualquier momento su consentimiento relacionado con la presente Pol\u00edtica de Cookies, deber\u00e1 eliminar las cookies almacenadas en su equipo (ordenador o dispositivo m\u00f3vil) a trav\u00e9s de los ajustes y configuraciones de su navegador de Internet.<\/p>\n<p style=\"padding-left: 40px;\">Para mayor informaci\u00f3n sobre la eliminaci\u00f3n, deshabilitaci\u00f3n o bloqueo de las cookies por favor visite:\u00a0<a href=\"http:\/\/www.aboutcookies.org\/Default.aspx?page=2\">http:\/\/www.aboutcookies.org\/Default.aspx?page=2<\/a>\u00a0Modificaci\u00f3n de la configuraci\u00f3n y ajustes sobre cookies.<\/p>\n<p style=\"padding-left: 40px;\">Salvo que haya ajustado la configuraci\u00f3n de su navegador, nuestro sistema crear\u00e1 cookies en cuanto visite nuestro Sitio Web. Tenga presente que todos los navegadores de Internet permiten el cambio de dicha configuraci\u00f3n. Para m\u00e1s informaci\u00f3n sobre la forma de ajustar sus configuraciones de cookies en los siguientes navegadores, le remitimos al enlace pertinente:<\/p>\n<p style=\"padding-left: 40px;\"><u>Internet Explorer:<\/u><\/p>\n<ul>\n<li style=\"list-style-type: none;\">\n<ul>\n<li>(<a href=\"https:\/\/support.microsoft.com\/en-us\/help\/17442\/windows-internet-explorer-delete-manage-cookies\">https:\/\/support.microsoft.com\/en-us\/help\/17442\/windows-internet-explorer-delete-manage-cookies<\/a>)<\/li>\n<li>(<a href=\"https:\/\/support.microsoft.com\/en-us\/help\/278835\/how-to-delete-cookie-files-in-internet-explorer\">https:\/\/support.microsoft.com\/en-us\/help\/278835\/how-to-delete-cookie-files-in-internet-explorer<\/a>)<\/li>\n<li>(<a href=\"http:\/\/www.allaboutcookies.org\/manage-cookies\/internet-explorer7-plus.html\">http:\/\/www.allaboutcookies.org\/manage-cookies\/internet-explorer7-plus.html<\/a>)<\/li>\n<li>(<a href=\"http:\/\/www.allaboutcookies.org\/manage-cookies\/internet-explorer8-plus.html\">http:\/\/www.allaboutcookies.org\/manage-cookies\/internet-explorer8-plus.html<\/a>)<\/li>\n<li>(<a href=\"http:\/\/windows.microsoft.com\/is-IS\/windows7\/How-to-manage-cookies-in-Internet-Explorer-9\">http:\/\/windows.microsoft.com\/is-IS\/windows7\/How-to-manage-cookies-in-Internet-Explorer-9<\/a>)<\/li>\n<\/ul>\n<\/li>\n<\/ul>\n<p style=\"padding-left: 40px;\"><u>Firefox<\/u><\/p>\n<ul>\n<li style=\"list-style-type: none;\">\n<ul>\n<li><a href=\"http:\/\/support.mozilla.org\/en-US\/kb\/Cookies\">http:\/\/support.mozilla.org\/en-US\/kb\/Cookies<\/a><\/li>\n<\/ul>\n<\/li>\n<\/ul>\n<p style=\"padding-left: 40px;\"><u>Chrome<\/u><\/p>\n<ul>\n<li style=\"list-style-type: none;\">\n<ul>\n<li><a href=\"http:\/\/support.google.com\/chrome\/bin\/answer.py?hl=en&amp;answer=95647\">http:\/\/support.google.com\/chrome\/bin\/answer.py?hl=en&amp;answer=95647<\/a><\/li>\n<\/ul>\n<\/li>\n<\/ul>\n<p style=\"padding-left: 40px;\"><u>Safari<\/u><\/p>\n<ul>\n<li style=\"list-style-type: none;\">\n<ul>\n<li><a href=\"http:\/\/support.apple.com\/kb\/PH5042\">http:\/\/support.apple.com\/kb\/PH5042<\/a>\u00a0(y para\u00a0<u>iOS\u00a0<\/u>&#8211;\u00a0<a href=\"http:\/\/support.apple.com\/kb\/HT1677\">http:\/\/support.apple.com\/kb\/HT1677<\/a>)<\/li>\n<\/ul>\n<\/li>\n<\/ul>\n<p style=\"padding-left: 40px;\"><strong>Cambios en la Pol\u00edtica de Cookies<\/strong><\/p>\n<p style=\"padding-left: 40px;\">Es posible que actualicemos la Pol\u00edtica de Cookies de nuestro Sitio Web, por ello le recomendamos revisar esta pol\u00edtica cada vez que acceda a nuestro Sitio Web con el objetivo de estar adecuadamente informado sobre c\u00f3mo y para qu\u00e9 usamos las cookies.<\/p>\n<p style=\"padding-left: 40px;\"><strong>Contacto<\/strong><\/p>\n<p style=\"padding-left: 40px;\">Si tuviera alguna duda, comentario o sugerencia sobre la Pol\u00edtica de Cookies, por favor\u00a0<a href=\"https:\/\/latiendadeapliman.es\/apliman\/pages\/contact\/\">contacte con nosotros<\/a>.<\/p>\n<\/div>\n<\/div>\n<\/div>","protected":false},"excerpt":{"rendered":"<p>Pol\u00edtica de cookies Nuestro sitio web\u00a0apliman.es\u00a0(el \u201cSitio Web\u201d) utiliza una tecnolog\u00eda denominada \u201ccookies\u201d con la finalidad de poder recabar informaci\u00f3n acerca del uso del Sitio Web. Le informamos de que podemos utilizar cookies con la finalidad de facilitar su navegaci\u00f3n a trav\u00e9s del Sitio Web, distinguirle de otros usuarios, proporcionarle una mejor experiencia en el [&hellip;]<\/p>\n","protected":false},"author":2,"featured_media":0,"parent":0,"menu_order":0,"comment_status":"closed","ping_status":"closed","template":"","meta":[],"_links":{"self":[{"href":"https:\/\/latiendadeapliman.es\/apliman\/wp-json\/wp\/v2\/pages\/3162"}],"collection":[{"href":"https:\/\/latiendadeapliman.es\/apliman\/wp-json\/wp\/v2\/pages"}],"about":[{"href":"https:\/\/latiendadeapliman.es\/apliman\/wp-json\/wp\/v2\/types\/page"}],"author":[{"embeddable":true,"href":"https:\/\/latiendadeapliman.es\/apliman\/wp-json\/wp\/v2\/users\/2"}],"replies":[{"embeddable":true,"href":"https:\/\/latiendadeapliman.es\/apliman\/wp-json\/wp\/v2\/comments?post=3162"}],"version-history":[{"count":5,"href":"https:\/\/latiendadeapliman.es\/apliman\/wp-json\/wp\/v2\/pages\/3162\/revisions"}],"predecessor-version":[{"id":3232,"href":"https:\/\/latiendadeapliman.es\/apliman\/wp-json\/wp\/v2\/pages\/3162\/revisions\/3232"}],"wp:attachment":[{"href":"https:\/\/latiendadeapliman.es\/apliman\/wp-json\/wp\/v2\/media?parent=3162"}],"curies":[{"name":"wp","href":"https:\/\/api.w.org\/{rel}","templated":true}]}}