{"id":2901,"date":"2019-03-19T22:11:38","date_gmt":"2019-03-19T22:11:38","guid":{"rendered":"https:\/\/www.apliman.es\/wordpress\/?page_id=2901"},"modified":"2020-11-05T20:19:36","modified_gmt":"2020-11-05T20:19:36","slug":"politica-de-privacidad","status":"publish","type":"page","link":"https:\/\/latiendadeapliman.es\/apliman\/politica-de-privacidad\/","title":{"rendered":"Pol\u00edtica de privacidad"},"content":{"rendered":"<div class=\"bt_rc_container\">\r\n<h2 style=\"padding-left: 80px;\"><span class=\"art-titcontenido\">Pol\u00edtica de privacidad<\/span><\/h2>\r\n<div class=\"contenido_paginacion_sup\" style=\"padding-left: 80px;\">Versi\u00f3n actualizada al RGPD. 25\/05\/2018<\/div>\r\n<div class=\"gmx_contenido_cuerpo\" style=\"padding-left: 40px;\">\r\n<div class=\"gmx_contenido_cuerpo_texto\" style=\"padding-left: 40px;\">\r\n<p><strong>I.- \u00bfQui\u00e9n es el responsable del tratamiento de sus datos?<\/strong><\/p>\r\n<p>De conformidad con la normativa vigente de Protecci\u00f3n de Datos de Car\u00e1cter personal le informamos que los datos proporcionados han sido \u00a0incorporados al fichero de clientes cuyo titular y responsable del tratamiento es Aplicaciones Inform\u00e1ticas Manchegas, S.L.L. con CIF B13420377, inscrita en el Registro Mercantil de Ciudad Real, Tomo 401, Libro 0, Folio 45, Hoja CR-15678, 1\u00aa Inscripci\u00f3n &#8211; CIF B13420377, y domicilio social en Ronda de Ciruela, 5, Portal 7 Oficina 4-A de Ciudad Real (Ciudad Real), en la persona de su representante legal pro tempore,<\/p>\r\n<p>Usted podr\u00e1 contactar con el Responsable del cumplimiento legal y normativo \u00a0o el Delegado de Protecci\u00f3n de Datos en el correo info@apliman.es o mediante carta dirigida al domicilio social de Aplicaciones Inform\u00e1ticas Manchegas, S.L.L.. para cualquier pregunta o duda sobre nuestras pr\u00e1cticas de privacidad o sobre sus opciones de informaci\u00f3n personal.<\/p>\r\n<p style=\"padding-left: 40px;\">\u00a0<\/p>\r\n<p><strong>II.- Usuarios.<\/strong><\/p>\r\n<p>El acceso y\/o uso de la citada web de Aplicaciones Inform\u00e1ticas Manchegas, S.L.L., atribuye la condici\u00f3n de USUARIO a toda persona f\u00edsica que se interese en productos y servicios que Aplicaciones Inform\u00e1ticas Manchegas, S.L.L. ofrece a trav\u00e9s de sus p\u00e1ginas web o bien acepte, desde su ingreso y\/o uso, las Condiciones Generales de sus servicios que, en su caso, pudieran establecerse. Estas Condiciones ser\u00e1n de aplicaci\u00f3n independientemente de las Condiciones Generales de Contrataci\u00f3n que en su caso resulten de obligado cumplimiento.<\/p>\r\n<p>&nbsp;<\/p>\r\n<p><strong>III.- \u00bfC\u00f3mo hemos obtenido tus datos de car\u00e1cter personal?<\/strong><\/p>\r\n<p>Los datos personales que tratamos en Aplicaciones Inform\u00e1ticas Manchegas, S.L.L. proceden del interesado.<\/p>\r\n<p>Las categor\u00edas de datos que se tratan o pueden ser tratados en Aplicaciones Inform\u00e1ticas Manchegas, S.L.L.. son:<\/p>\r\n<ul>\r\n<li>Informaci\u00f3n identificativa (por ejemplo, nombre, nombre de usuario, domicilio, c\u00f3digo postal, n\u00famero de tel\u00e9fono, n\u00famero de tel\u00e9fono m\u00f3vil, direcci\u00f3n de correo electr\u00f3nico, documento de identificaci\u00f3n, organizaci\u00f3n en la que trabaja y cargo en la misma).<\/li>\r\n<li>Informaci\u00f3n de identificaci\u00f3n electr\u00f3nica (por ejemplo, direcciones IP, cookies).<\/li>\r\n<li>Informaci\u00f3n bancaria y de pagos (por ejemplo, informaci\u00f3n de tarjeta de cr\u00e9dito, n\u00famero de cuenta).<\/li>\r\n<li>Calidad de la b\u00fasqueda y resultados de las encuestas.<\/li>\r\n<li>Informaci\u00f3n sobre la interacci\u00f3n y el uso que usted hace de los Servicios de Aplicaciones Inform\u00e1ticas Manchegas, S.L.L., nuestros productos y sitios web, incluida informaci\u00f3n de conexi\u00f3n, de plataforma, del dispositivo y del equipo; informaci\u00f3n sobre el desempe\u00f1o de los clientes, informes de errores, capacidad de los dispositivos; ancho de banda; estad\u00edsticas sobre vistas de p\u00e1ginas; tr\u00e1fico desde nuestros sitios web y hacia ellos; estad\u00edsticas de uso.<\/li>\r\n<li>Productos o servicios contratados.<\/li>\r\n<li>Correspondencia entre Aplicaciones Inform\u00e1ticas Manchegas, S.L.L. y usted.<\/li>\r\n<li>Informaci\u00f3n de las b\u00fasquedas realizadas y de los documentos a los que ha accedido. Informaci\u00f3n de sus interacciones con los documentos (por ejemplo, marcar como favorito, imprimir, a\u00f1adir notas, seleccionar fragmentos)<\/li>\r\n<li>N\u00famero de usuarios en su Organizaci\u00f3n.<\/li>\r\n<li>Las grabaciones de las llamadas telef\u00f3nicas en las que intervengan los Agentes comerciales y\/o los Servicios de Atenci\u00f3n al Cliente.<\/li>\r\n<li>No se tratan datos especialmente protegidos.<\/li>\r\n<\/ul>\r\n<p>&nbsp;<\/p>\r\n<p><strong>IV. \u00bfCon qu\u00e9 finalidad tratamos sus datos personales?<\/strong><\/p>\r\n<p>Los datos personales que nos proporcione ser\u00e1n utilizados por Aplicaciones Inform\u00e1ticas Manchegas, S.L.L. para las siguientes finalidades:<\/p>\r\n<ul>\r\n<li>Registro para acceso a nuestra web, gestionar la relaci\u00f3n contractual de la venta de equipamiento y servicios\u00a0inform\u00e1ticos.<\/li>\r\n<li>Registro en el sitio web para el acceso a los productos y servicios ofertados por Aplicaciones Inform\u00e1ticas Manchegas, S.L.L. a distribuidores y como requisito previo a la suscripci\u00f3n y ejecuci\u00f3n de contratos de productos.<\/li>\r\n<li>Exigencias de la gesti\u00f3n administrativa y contable, como la emisi\u00f3n y env\u00edo de facturas, y cumplimiento de las leyes aplicables en materia fiscal y mercantil que le son de aplicaci\u00f3n. Para esta finalidad sus datos ser\u00e1n conservados durante el periodo establecido por Ley.<\/li>\r\n<li>Permitir con su consentimiento expl\u00edcito la realizaci\u00f3n por Aplicaciones Inform\u00e1ticas Manchegas, S.L.L. de acciones de marketing de los productos y servicios de informaci\u00f3n comercial y promociones, formaci\u00f3n, eventos, informaci\u00f3n comercial, y actividades promocionales, incluido el env\u00edo de comunicados y material publicitario a trav\u00e9s de aplicaciones de mensajer\u00eda digital. Para esta finalidad sus datos ser\u00e1n conservados hasta la revocaci\u00f3n del consentimiento.<\/li>\r\n<li>Configuraci\u00f3n y administraci\u00f3n de la cuenta:\u00a0Utilizamos informaci\u00f3n personal, como su nombre, direcci\u00f3n de correo electr\u00f3nico, n\u00famero de tel\u00e9fono e informaci\u00f3n sobre su dispositivo, para configurar y administrar su cuenta, ofrecer asistencia t\u00e9cnica y al cliente y capacitaci\u00f3n, verificar su identidad y enviar informaci\u00f3n importante relacionada con la cuenta, la suscripci\u00f3n y el servicio.<\/li>\r\n<li>Personalizaci\u00f3n:\u00a0Utilizamos informaci\u00f3n personal para enviar y sugerir contenido adaptado, como noticias, investigaciones, informes e informaci\u00f3n comercial, y para personalizar su experiencia con nuestros servicios. Algunos de nuestros servicios le solicitar\u00e1n compartir su localizaci\u00f3n geogr\u00e1fica exacta, de manera que podamos personalizar su experiencia y aumentar la precisi\u00f3n del servicio.<\/li>\r\n<li>Servicios ofrecidos: Algunos de nuestros servicios ofrecen el almacenamiento de datos y documentos como parte integral de la oferta de productos o soluciones. Los documentos y los datos que nuestros clientes almacenan pueden contener informaci\u00f3n personal en planillas comerciales o personales. Solo los clientes, o aquellos autorizados por ellos cada cierto tiempo, controlan, manejan y conceden acceso a cualquier informaci\u00f3n almacenada por o en nombre de nuestros clientes. Nuestro acceso a esta informaci\u00f3n se limita al personal de Aplicaciones Inform\u00e1ticas Manchegas, S.L.L. con una raz\u00f3n comercial importante, como la asistencia t\u00e9cnica.<\/li>\r\n<\/ul>\r\n<p><em>\u200b<\/em><\/p>\r\n<p><strong>V. \u00bfC\u00f3mo, cu\u00e1ndo y con qui\u00e9n se comparte la informaci\u00f3n personal?<\/strong><\/p>\r\n<p>Aplicaciones Inform\u00e1ticas Manchegas, S.L.L. comparte o divulga informaci\u00f3n personal cuando lo considera estrictamente necesario, a fin de prestar los servicios o realizar las operaciones comerciales objeto de su tr\u00e1fico comercial. Cuando compartimos informaci\u00f3n personal, lo hacemos bajo la plena observancia de la privacidad y seguridad de los datos.<\/p>\r\n<p>El tratamiento de los datos, dentro de Aplicaciones Inform\u00e1ticas Manchegas, S.L.L. es compartida \u00fanicamente por nuestro personal interno, y la informaci\u00f3n personal estar\u00e1 disponible para ellos si es necesario para la prestaci\u00f3n de servicios, la administraci\u00f3n de la cuenta, ventas y marketing, asistencia t\u00e9cnica y servicio al cliente, y desarrollo de negocios y productos<\/p>\r\n<p>A todos nuestros empleados y encargados del tratamiento (contratistas, asesores, gestores, consultores jur\u00eddicos\u2026) se les exige seguir nuestras pol\u00edticas de privacidad y seguridad de los datos si manejan informaci\u00f3n personal.\u00a0<\/p>\r\n<p>Nuestros socios comerciales: En ocasiones, realizamos convenios o contratos con otras organizaciones para prestar servicios en colaboraci\u00f3n con otras marcas, ofrecer contenido o para celebrar eventos, conferencias y seminarios. Como parte de estos acuerdos, usted se podr\u00eda considerar un cliente tanto de Aplicaciones Inform\u00e1ticas Manchegas, S.L.L. como de nuestro socio y, por lo tanto, nosotros y nuestros socios podemos recopilar y compartir informaci\u00f3n sobre usted. Aplicaciones Inform\u00e1ticas Manchegas, S.L.L. manejar\u00e1 la informaci\u00f3n personal de acuerdo con esta declaraci\u00f3n, por ello lo invitamos a revisar las declaraciones de privacidad de nuestros socios para que obtenga m\u00e1s informaci\u00f3n sobre la forma en que ellos recopilan, utilizan y comparten la informaci\u00f3n personal.<\/p>\r\n<p>Nuestros proveedores de servicio de terceros:\u00a0Nos asociamos con, y tenemos el respaldo de, proveedores de servicio en todo el mundo. La informaci\u00f3n personal estar\u00e1 disponible para esas partes solo cuando se considere necesario para cumplir con los servicios que nos prestan, como asistencia en t\u00e9rminos de software, sistemas y plataformas, servicios de marketing directo, servicios de alojamiento de nubes, publicidad, an\u00e1lisis de datos y el cumplimiento y entrega de pedidos. Nuestros proveedores de servicio de terceros no est\u00e1n autorizados para compartir ni utilizar la informaci\u00f3n personal que ponemos a su disposici\u00f3n para otros prop\u00f3sitos distintos al de prestarnos servicios a nosotros.<\/p>\r\n<p>Cesi\u00f3n a terceros por causas legales:\u00a0Compartiremos la informaci\u00f3n personal cuando lo consideremos un requisito, como en los siguientes casos:<\/p>\r\n<ul>\r\n<li>Para cumplir con las obligaciones legales y responder a las solicitudes de los organismos gubernamentales, que incluyen organismos de seguridad y otras autoridades p\u00fablicas, que a su vez pueden incluir dichas autoridades fuera de su pa\u00eds de residencia.<\/li>\r\n<li>Autoridades fiscales, aduaneras y otras administraciones p\u00fablicas, asi\u0301 como autoridades competentes en cumplimiento de la normativa aplicable.<\/li>\r\n<li>Entidades Bancarias y entidades de gesti\u00f3n de pago.<\/li>\r\n<li>Sujetos que realicen actividades de transporte o env\u00edo.<\/li>\r\n<li>Despachos de abogados, consultoras y aseguradoras de riesgos de impago, as\u00ed\u0301 como sujetos encargados de la contabilidad o de la auditoria de Aplicaciones Inform\u00e1ticas Manchegas, S.L.L.<\/li>\r\n<li>En el caso de una fusi\u00f3n, venta, reestructuraci\u00f3n, adquisici\u00f3n, empresa conjunta, asignaci\u00f3n, cesi\u00f3n u otra disposici\u00f3n, total o parcial, de nuestro negocio, activos o acciones, (que incluye lo relacionado con cualquier proceso de bancarrota o similar)<\/li>\r\n<li>Para proteger nuestros derechos, sistemas y servicios, as\u00ed como a nuestros usuarios.<\/li>\r\n<\/ul>\r\n<p><em>\u200b<\/em><\/p>\r\n<p><strong>VI. \u00bfCu\u00e1les son sus derechos respecto de su informaci\u00f3n personal?<\/strong><\/p>\r\n<p>Usted puede ejercer los derechos sobre los datos suministrados recogidos en el art. 13 del RGPD de acceso, rectificaci\u00f3n o supresi\u00f3n, limitaci\u00f3n de tratamiento, oposici\u00f3n del tratamiento de los datos personales facilitados.<\/p>\r\n<p>Puede ejercer dichos derechos o revocar los consentimientos de tratamiento dados enviando una petici\u00f3n al correo electr\u00f3nico\u00a0info@copermatica.com<\/p>\r\n<p>Para el ejercicio de los derechos o cualquier aclaraci\u00f3n que precise puede dirigir un correo electr\u00f3nico a la direcci\u00f3n\u00a0info@copermatica.com, acreditando ser titular de los datos sobre los que quiere ejercer esos derechos.<\/p>\r\n<p>Le informamos que usted puede presentar una reclamaci\u00f3n ante la Autoridad de Control en materia de Protecci\u00f3n de Datos (Agencia Espa\u00f1ola de Protecci\u00f3n de Datos) y ante el Delegado de Protecci\u00f3n de Datos de Aplicaciones Inform\u00e1ticas Manchegas, S.L.L. competente, si no obtiene satisfacci\u00f3n en el ejercicio de sus derechos.<\/p>\r\n<p>&nbsp;<\/p>\r\n<p><strong>VII. \u00bfCu\u00e1nto tiempo guardamos su informaci\u00f3n personal?<\/strong><\/p>\r\n<p>Los datos personales del Usuario ser\u00e1n tratados de forma activa mientras ostente la condici\u00f3n de Usuario de los servicios de Aplicaciones Inform\u00e1ticas Manchegas, S.L.L.; es decir, mientras no ejerza su derecho de supresi\u00f3n.<\/p>\r\n<p>Aplicaciones Inform\u00e1ticas Manchegas, S.L.L. conservar\u00e1 su informaci\u00f3n personal el tiempo que sea necesario para cumplir con los objetivos de nuestra Pol\u00edtica de Privacidad, de la legislaci\u00f3n vigente en esta materia y de las \u00f3rdenes y mandatos de Tribunales de Justicia, en el ejercicio de sus funciones.<\/p>\r\n<p>En caso de ejercer su derecho de supresi\u00f3n, sus datos ser\u00e1n bloqueados y conservados de forma restringida a disposici\u00f3n de las autoridades competentes durante un plazo m\u00e1ximo de 5 a\u00f1os para atender a las posibles responsabilidades nacidas del tratamiento.<\/p>\r\n<p>En cualquier caso, cuando ya no necesitamos informaci\u00f3n personal, la eliminamos o destruimos de forma segura.<\/p>\r\n<p>&nbsp;<\/p>\r\n<p><strong>VIII. En Coperm\u00e1tica S.L. tambi\u00e9n usamos cookies &#8230; y otras tecnolog\u00edas.<\/strong><\/p>\r\n<p>Las cookies son peque\u00f1os archivos de texto que contienen una serie de caracteres que se env\u00edan a su explorador desde el servidor de un sitio web. La cookie puede tener un identificador \u00fanico, pero no contiene informaci\u00f3n de identificaci\u00f3n personal, como su nombre o direcci\u00f3n de correo electr\u00f3nico. Aplicaciones Inform\u00e1ticas Manchegas, S.L.L. puede usar cookies cuando usted visita sus sitios web, usa el software de Aplicaciones Inform\u00e1ticas Manchegas, S.L.L. o visita otros sitios web donde Aplicaciones Inform\u00e1ticas Manchegas, S.L.L. publicita. El explorador del cliente del software de Aplicaciones Inform\u00e1ticas Manchegas, S.L.L. o su explorador de Internet almacenan la cookie en el disco duro de su equipo inform\u00e1tico y el sitio web puede acceder a ella durante su pr\u00f3xima visita. Otros sitios web tambi\u00e9n pueden enviar cookies a su explorador pero este no permitir\u00e1 que esos sitios web vean la informaci\u00f3n de la cookie de Aplicaciones Inform\u00e1ticas Manchegas, S.L.L.<\/p>\r\n<p>Las p\u00e1ginas web de Aplicaciones Inform\u00e1ticas Manchegas, S.L.L. y las interfaces de clientes pueden incluir gifs transparentes, tambi\u00e9n conocidos como balizas web y p\u00edxeles de rastreo. Un gif es un peque\u00f1o gr\u00e1fico con un identificador \u00fanico, que se usa para llevar la cuenta de las visitas de los usuarios a las p\u00e1ginas (pero que no retiene ning\u00fan tipo de informaci\u00f3n que lo identifique). Aplicaciones Inform\u00e1ticas Manchegas, S.L.L. tambi\u00e9n usa los gifs transparentes en los mensajes de correo electr\u00f3nico basados en HTML para saber cu\u00e1les son los mensajes de correo electr\u00f3nico que se han abierto y respondido. Esto nos permite evaluar la efectividad de ciertas comunicaciones y de nuestras campa\u00f1as de marketing.<\/p>\r\n<p>La informaci\u00f3n relacionada con el uso de cookies empleadas por Aplicaciones Inform\u00e1ticas Manchegas, S.L.L. est\u00e1 definido en su <a href=\"https:\/\/latiendadeapliman.es\/apliman\/politica-de-cookies\/\">Pol\u00edtica de Cookies<\/a>.<\/p>\r\n<p>Algunos de nuestros servicios contienen v\u00ednculos a aplicaciones, servicios, herramientas y sitios web de terceros, y usted los puede utilizar conjuntamente con aplicaciones, servicios, herramientas y sitios web de terceros que no se encuentren afiliados a nosotros y que tampoco controlemos ni administremos. Como ejemplos podemos mencionar, Facebook, LinkedIn, Twitter\u00ae y aplicaciones de terceros. Las pr\u00e1cticas de privacidad de estos terceros estar\u00e1n regidas por sus\u00a0 propias declaraciones de privacidad. Aplicaciones Inform\u00e1ticas Manchegas, S.L.L. no se hace responsable de la seguridad ni de la privacidad de la informaci\u00f3n recopilada por estos terceros. Es su deber revisar las declaraciones o pol\u00edticas de privacidad de estos terceros.<\/p>\r\n<p>&nbsp;<\/p>\r\n<p><strong>IX. Legitimaci\u00f3n<\/strong><\/p>\r\n<p>Como la comunicaci\u00f3n de datos personales es un requisito legal o contractual y un requisito necesario para poder facilitarle informaci\u00f3n, env\u00edo de ofertas o para formalizar un proceso de contrataci\u00f3n de nuestros productos y servicios, se informa al interesado que est\u00e1 obligado a facilitar los datos personales, as\u00ed como datos de la empresa que contrata, y as\u00ed mismo que las consecuencias de no hacerlo pueden suponer la no prestaci\u00f3n del servicio solicitado.<\/p>\r\n<p>&nbsp;<\/p>\r\n<p><strong>X.- Env\u00edo de correo electr\u00f3nico, fax u otros medios de comunicaci\u00f3n.<\/strong><\/p>\r\n<p>Por la presente cl\u00e1usula el Cliente\/Usuario presta su pleno consentimiento a Aplicaciones Inform\u00e1ticas Manchegas, S.L.L. para que pueda proceder al env\u00edo al cliente de comunicaciones comerciales, publicitarias y promocionales por correo electr\u00f3nico, fax o por otros medios de comunicaci\u00f3n electr\u00f3nica equivalentes, por lo que los datos referentes a los mismos ser\u00e1n utilizados para llevar a cabo dichas comunicaciones, y ello al amparo de lo establecido en el reglamento (UE) 2016\/679 del Parlamento Europeo y del Consejo, de 27 de abril de 2016, relativo a la protecci\u00f3n de las personas f\u00edsicas en lo que respecta al tratamiento de Datos personales y a la libre circulaci\u00f3n de estos datos y por el que se deroga la Directiva 95\/46\/CE. No obstante, le informamos que podr\u00e1 revocar el consentimiento, en cada comunicado comercial o publicitario que se le haga llegar, y en cualquier momento, mediante notificaci\u00f3n a esta compa\u00f1\u00eda domicilio social de Aplicaciones Inform\u00e1ticas Manchegas, S.L.L., Ronda de Ciruela, 5, Portal 7 Oficina 4-A de Ciudad Real (Ciudad Real), o trav\u00e9s del correo electr\u00f3nico info@copermatica.com.<\/p>\r\n<p>&nbsp;<\/p>\r\n<p><strong>XI. En definitiva, \u00bfc\u00f3mo tratamos sus datos?.<\/strong><\/p>\r\n<p>Sus datos quedar\u00e1n incorporados a nuestros ficheros electr\u00f3nicos, protegidos por claves de acceso y alojados en nuestro servidor informatizado, del que se extraen copias de seguridad diarias y custodiadas externamente por el responsable del tratamiento. Del mismo modo, las copias f\u00edsicas ser\u00e1n almacenadas en repositorios debidamente custodiados y protegidos bajo la direcci\u00f3n del responsable del tratamiento.<\/p>\r\n<p>Igualmente, podr\u00e1n alojarse dichos datos en los ficheros tratados en sistemas basados en la tecnolog\u00eda \u201cnube\u201d, debidamente adaptados a la legalidad vigente y bajo las mismas medidas de seguridad que las anteriormente relacionadas, teniendo acceso automatizado a sus datos de forma segura.<\/p>\r\n<p>Para dotar de mayor seguridad, sometemos sus datos a procesos de encriptaci\u00f3n inform\u00e1tica, garantizando as\u00ed su total seguridad.<\/p>\r\n<\/div>\r\n<\/div>\r\n<\/div>","protected":false},"excerpt":{"rendered":"<p>Pol\u00edtica de privacidad Versi\u00f3n actualizada al RGPD. 25\/05\/2018 I.- \u00bfQui\u00e9n es el responsable del tratamiento de sus datos? De conformidad con la normativa vigente de Protecci\u00f3n de Datos de Car\u00e1cter personal le informamos que los datos proporcionados han sido \u00a0incorporados al fichero de clientes cuyo titular y responsable del tratamiento es Aplicaciones Inform\u00e1ticas Manchegas, S.L.L. [&hellip;]<\/p>\n","protected":false},"author":1,"featured_media":0,"parent":0,"menu_order":0,"comment_status":"closed","ping_status":"closed","template":"","meta":[],"_links":{"self":[{"href":"https:\/\/latiendadeapliman.es\/apliman\/wp-json\/wp\/v2\/pages\/2901"}],"collection":[{"href":"https:\/\/latiendadeapliman.es\/apliman\/wp-json\/wp\/v2\/pages"}],"about":[{"href":"https:\/\/latiendadeapliman.es\/apliman\/wp-json\/wp\/v2\/types\/page"}],"author":[{"embeddable":true,"href":"https:\/\/latiendadeapliman.es\/apliman\/wp-json\/wp\/v2\/users\/1"}],"replies":[{"embeddable":true,"href":"https:\/\/latiendadeapliman.es\/apliman\/wp-json\/wp\/v2\/comments?post=2901"}],"version-history":[{"count":6,"href":"https:\/\/latiendadeapliman.es\/apliman\/wp-json\/wp\/v2\/pages\/2901\/revisions"}],"predecessor-version":[{"id":3235,"href":"https:\/\/latiendadeapliman.es\/apliman\/wp-json\/wp\/v2\/pages\/2901\/revisions\/3235"}],"wp:attachment":[{"href":"https:\/\/latiendadeapliman.es\/apliman\/wp-json\/wp\/v2\/media?parent=2901"}],"curies":[{"name":"wp","href":"https:\/\/api.w.org\/{rel}","templated":true}]}}